{"id":2784,"date":"2023-10-24T09:30:20","date_gmt":"2023-10-24T09:30:20","guid":{"rendered":"https:\/\/milo.pet\/Blog\/?page_id=2784"},"modified":"2023-10-25T07:48:53","modified_gmt":"2023-10-25T07:48:53","slug":"o-nas","status":"publish","type":"page","link":"https:\/\/milo.pet\/Blog\/o-nas\/","title":{"rendered":"O nas"},"content":{"rendered":"\n<p>Witaj w naszym zak\u0105tku pe\u0142nym psich \u0142ap, mokrych nosk\u00f3w i niesko\u0144czonej mi\u0142o\u015bci do naszych czworono\u017cnych przyjaci\u00f3\u0142!<\/p>\n\n\n\n<div style=\"height:26px\" aria-hidden=\"true\" class=\"wp-block-spacer\"><\/div>\n\n\n\n<p>Kim jeste\u015bmy? Jeste\u015bmy zespo\u0142em mi\u0142o\u015bnik\u00f3w ps\u00f3w, kt\u00f3rzy postanowili podzieli\u0107 si\u0119 swoj\u0105 pasj\u0105 z szerokim \u015bwiatem. Ka\u017cdy z nas ma swoj\u0105 histori\u0119 z psami &#8211; niekt\u00f3rzy z nas s\u0105 behawiorystami, inni petsitterami, a jeszcze inni po prostu szcz\u0119\u015bliwymi opiekunami swoich pupili. To co nas jednak \u0142\u0105czy, to niewzruszona mi\u0142o\u015b\u0107 do ps\u00f3w oraz ch\u0119\u0107 dzielenia si\u0119 wiedz\u0105 i do\u015bwiadczeniem na ich temat.<\/p>\n\n\n\n<div style=\"height:26px\" aria-hidden=\"true\" class=\"wp-block-spacer\"><\/div>\n\n\n\n<p><strong>Nasza Misja<\/strong><\/p>\n\n\n\n<div style=\"height:26px\" aria-hidden=\"true\" class=\"wp-block-spacer\"><\/div>\n\n\n\n<p>Naszym celem jest tworzenie miejsca, w kt\u00f3rym ka\u017cdy mi\u0142o\u015bnik ps\u00f3w znajdzie co\u015b dla siebie. Chcemy edukowa\u0107, inspirowa\u0107 i pomaga\u0107 w codziennym \u017cyciu z naszymi ukochanymi psiakami. Na naszym blogu znajdziesz artyku\u0142y na r\u00f3\u017cne tematy \u2013 od wychowania i treningu, przez zdrowie i diet\u0119, a\u017c po ciekawostki i historie z \u017cycia wzi\u0119te.<\/p>\n\n\n\n<div style=\"height:26px\" aria-hidden=\"true\" class=\"wp-block-spacer\"><\/div>\n\n\n\n<p><strong>Dlaczego robimy to co robimy?<\/strong><\/p>\n\n\n\n<div style=\"height:26px\" aria-hidden=\"true\" class=\"wp-block-spacer\"><\/div>\n\n\n\n<p>Bo uwierzyli\u015bmy, \u017ce ka\u017cdy pies zas\u0142uguje na dom pe\u0142en mi\u0142o\u015bci, zrozumienia i w\u0142a\u015bciwej opieki. A my, jako opiekunowie, mamy obowi\u0105zek zapewni\u0107 im to wszystko. Poprzez edukacj\u0119 opiekun\u00f3w i dzielenie si\u0119 nasz\u0105 wiedz\u0105, chcemy przyczyni\u0107 si\u0119 do tego, aby ka\u017cdy pies mia\u0142 szcz\u0119\u015bliwe i spokojne \u017cycie.<\/p>\n","protected":false},"excerpt":{"rendered":"<p>Witaj w naszym zak\u0105tku pe\u0142nym psich \u0142ap, mokrych nosk\u00f3w i niesko\u0144czonej mi\u0142o\u015bci do naszych czworono\u017cnych przyjaci\u00f3\u0142! Kim jeste\u015bmy? Jeste\u015bmy zespo\u0142em mi\u0142o\u015bnik\u00f3w ps\u00f3w, kt\u00f3rzy postanowili podzieli\u0107 si\u0119 swoj\u0105 pasj\u0105 z szerokim \u015bwiatem. Ka\u017cdy z nas ma swoj\u0105 histori\u0119 z psami &#8211; niekt\u00f3rzy z nas s\u0105 behawiorystami, inni petsitterami, a jeszcze inni po prostu szcz\u0119\u015bliwymi opiekunami swoich &hellip;<\/p>\n<p class=\"read-more\"> <a class=\"\" href=\"https:\/\/milo.pet\/Blog\/o-nas\/\"> <span class=\"screen-reader-text\">O nas<\/span> Read More &raquo;<\/a><\/p>\n","protected":false},"author":1,"featured_media":0,"parent":0,"menu_order":0,"comment_status":"closed","ping_status":"closed","template":"","meta":{"_acf_changed":false,"_uag_custom_page_level_css":"","site-sidebar-layout":"default","site-content-layout":"","ast-site-content-layout":"default","site-content-style":"default","site-sidebar-style":"default","ast-global-header-display":"","ast-banner-title-visibility":"","ast-main-header-display":"","ast-hfb-above-header-display":"","ast-hfb-below-header-display":"","ast-hfb-mobile-header-display":"","site-post-title":"","ast-breadcrumbs-content":"","ast-featured-img":"","footer-sml-layout":"","theme-transparent-header-meta":"","adv-header-id-meta":"","stick-header-meta":"","header-above-stick-meta":"","header-main-stick-meta":"","header-below-stick-meta":"","astra-migrate-meta-layouts":"set","ast-page-background-enabled":"default","ast-page-background-meta":{"desktop":{"background-color":"var(--ast-global-color-4)","background-image":"","background-repeat":"repeat","background-position":"center center","background-size":"auto","background-attachment":"scroll","background-type":"","background-media":"","overlay-type":"","overlay-color":"","overlay-gradient":""},"tablet":{"background-color":"","background-image":"","background-repeat":"repeat","background-position":"center center","background-size":"auto","background-attachment":"scroll","background-type":"","background-media":"","overlay-type":"","overlay-color":"","overlay-gradient":""},"mobile":{"background-color":"","background-image":"","background-repeat":"repeat","background-position":"center center","background-size":"auto","background-attachment":"scroll","background-type":"","background-media":"","overlay-type":"","overlay-color":"","overlay-gradient":""}},"ast-content-background-meta":{"desktop":{"background-color":"var(--ast-global-color-5)","background-image":"","background-repeat":"repeat","background-position":"center center","background-size":"auto","background-attachment":"scroll","background-type":"","background-media":"","overlay-type":"","overlay-color":"","overlay-gradient":""},"tablet":{"background-color":"var(--ast-global-color-5)","background-image":"","background-repeat":"repeat","background-position":"center center","background-size":"auto","background-attachment":"scroll","background-type":"","background-media":"","overlay-type":"","overlay-color":"","overlay-gradient":""},"mobile":{"background-color":"var(--ast-global-color-5)","background-image":"","background-repeat":"repeat","background-position":"center center","background-size":"auto","background-attachment":"scroll","background-type":"","background-media":"","overlay-type":"","overlay-color":"","overlay-gradient":""}},"footnotes":""},"class_list":["post-2784","page","type-page","status-publish","hentry"],"acf":[],"yoast_head":"<!-- This site is optimized with the Yoast SEO Premium plugin v24.6 (Yoast SEO v24.6) - https:\/\/yoast.com\/wordpress\/plugins\/seo\/ -->\n<title>O nas - Milo.pet<\/title>\n<meta name=\"robots\" content=\"index, follow, max-snippet:-1, max-image-preview:large, max-video-preview:-1\" \/>\n<link rel=\"canonical\" href=\"https:\/\/milo.pet\/Blog\/o-nas\/\" \/>\n<meta property=\"og:locale\" content=\"pl_PL\" \/>\n<meta property=\"og:type\" content=\"article\" \/>\n<meta property=\"og:title\" content=\"O nas\" \/>\n<meta property=\"og:description\" content=\"Witaj w naszym zak\u0105tku pe\u0142nym psich \u0142ap, mokrych nosk\u00f3w i niesko\u0144czonej mi\u0142o\u015bci do naszych czworono\u017cnych przyjaci\u00f3\u0142! Kim jeste\u015bmy? Jeste\u015bmy zespo\u0142em mi\u0142o\u015bnik\u00f3w ps\u00f3w, kt\u00f3rzy postanowili podzieli\u0107 si\u0119 swoj\u0105 pasj\u0105 z szerokim \u015bwiatem. Ka\u017cdy z nas ma swoj\u0105 histori\u0119 z psami &#8211; niekt\u00f3rzy z nas s\u0105 behawiorystami, inni petsitterami, a jeszcze inni po prostu szcz\u0119\u015bliwymi opiekunami swoich &hellip; O nas Read More &raquo;\" \/>\n<meta property=\"og:url\" content=\"https:\/\/milo.pet\/Blog\/o-nas\/\" \/>\n<meta property=\"og:site_name\" content=\"Milo.pet\" \/>\n<meta property=\"article:modified_time\" content=\"2023-10-25T07:48:53+00:00\" \/>\n<meta name=\"twitter:card\" content=\"summary_large_image\" \/>\n<meta name=\"twitter:label1\" content=\"Est. reading time\" \/>\n\t<meta name=\"twitter:data1\" content=\"1 minuta\" \/>\n<script type=\"application\/ld+json\" class=\"yoast-schema-graph\">{\"@context\":\"https:\/\/schema.org\",\"@graph\":[{\"@type\":\"WebPage\",\"@id\":\"https:\/\/milo.pet\/Blog\/o-nas\/\",\"url\":\"https:\/\/milo.pet\/Blog\/o-nas\/\",\"name\":\"O nas - Milo.pet\",\"isPartOf\":{\"@id\":\"https:\/\/milo.pet\/Blog\/#website\"},\"datePublished\":\"2023-10-24T09:30:20+00:00\",\"dateModified\":\"2023-10-25T07:48:53+00:00\",\"breadcrumb\":{\"@id\":\"https:\/\/milo.pet\/Blog\/o-nas\/#breadcrumb\"},\"inLanguage\":\"pl-PL\",\"potentialAction\":[{\"@type\":\"ReadAction\",\"target\":[\"https:\/\/milo.pet\/Blog\/o-nas\/\"]}]},{\"@type\":\"BreadcrumbList\",\"@id\":\"https:\/\/milo.pet\/Blog\/o-nas\/#breadcrumb\",\"itemListElement\":[{\"@type\":\"ListItem\",\"position\":1,\"name\":\"Home\",\"item\":\"https:\/\/milo.pet\/Blog\/\"},{\"@type\":\"ListItem\",\"position\":2,\"name\":\"O nas\"}]},{\"@type\":\"WebSite\",\"@id\":\"https:\/\/milo.pet\/Blog\/#website\",\"url\":\"https:\/\/milo.pet\/Blog\/\",\"name\":\"Milo.pet\",\"description\":\"Blog\",\"publisher\":{\"@id\":\"https:\/\/milo.pet\/Blog\/#organization\"},\"potentialAction\":[{\"@type\":\"SearchAction\",\"target\":{\"@type\":\"EntryPoint\",\"urlTemplate\":\"https:\/\/milo.pet\/Blog\/?s={search_term_string}\"},\"query-input\":{\"@type\":\"PropertyValueSpecification\",\"valueRequired\":true,\"valueName\":\"search_term_string\"}}],\"inLanguage\":\"pl-PL\"},{\"@type\":\"Organization\",\"@id\":\"https:\/\/milo.pet\/Blog\/#organization\",\"name\":\"Milo.pet\",\"url\":\"https:\/\/milo.pet\/Blog\/\",\"logo\":{\"@type\":\"ImageObject\",\"inLanguage\":\"pl-PL\",\"@id\":\"https:\/\/milo.pet\/Blog\/#\/schema\/logo\/image\/\",\"url\":\"https:\/\/milo.pet\/Blog\/wp-content\/uploads\/2023\/09\/cropped-MiloPET-logo-1.png\",\"contentUrl\":\"https:\/\/milo.pet\/Blog\/wp-content\/uploads\/2023\/09\/cropped-MiloPET-logo-1.png\",\"width\":1998,\"height\":1419,\"caption\":\"Milo.pet\"},\"image\":{\"@id\":\"https:\/\/milo.pet\/Blog\/#\/schema\/logo\/image\/\"}}]}<\/script>\n<!-- \/ Yoast SEO Premium plugin. -->","yoast_head_json":{"title":"O nas - Milo.pet","robots":{"index":"index","follow":"follow","max-snippet":"max-snippet:-1","max-image-preview":"max-image-preview:large","max-video-preview":"max-video-preview:-1"},"canonical":"https:\/\/milo.pet\/Blog\/o-nas\/","og_locale":"pl_PL","og_type":"article","og_title":"O nas","og_description":"Witaj w naszym zak\u0105tku pe\u0142nym psich \u0142ap, mokrych nosk\u00f3w i niesko\u0144czonej mi\u0142o\u015bci do naszych czworono\u017cnych przyjaci\u00f3\u0142! Kim jeste\u015bmy? Jeste\u015bmy zespo\u0142em mi\u0142o\u015bnik\u00f3w ps\u00f3w, kt\u00f3rzy postanowili podzieli\u0107 si\u0119 swoj\u0105 pasj\u0105 z szerokim \u015bwiatem. Ka\u017cdy z nas ma swoj\u0105 histori\u0119 z psami &#8211; niekt\u00f3rzy z nas s\u0105 behawiorystami, inni petsitterami, a jeszcze inni po prostu szcz\u0119\u015bliwymi opiekunami swoich &hellip; O nas Read More &raquo;","og_url":"https:\/\/milo.pet\/Blog\/o-nas\/","og_site_name":"Milo.pet","article_modified_time":"2023-10-25T07:48:53+00:00","twitter_card":"summary_large_image","twitter_misc":{"Est. reading time":"1 minuta"},"schema":{"@context":"https:\/\/schema.org","@graph":[{"@type":"WebPage","@id":"https:\/\/milo.pet\/Blog\/o-nas\/","url":"https:\/\/milo.pet\/Blog\/o-nas\/","name":"O nas - Milo.pet","isPartOf":{"@id":"https:\/\/milo.pet\/Blog\/#website"},"datePublished":"2023-10-24T09:30:20+00:00","dateModified":"2023-10-25T07:48:53+00:00","breadcrumb":{"@id":"https:\/\/milo.pet\/Blog\/o-nas\/#breadcrumb"},"inLanguage":"pl-PL","potentialAction":[{"@type":"ReadAction","target":["https:\/\/milo.pet\/Blog\/o-nas\/"]}]},{"@type":"BreadcrumbList","@id":"https:\/\/milo.pet\/Blog\/o-nas\/#breadcrumb","itemListElement":[{"@type":"ListItem","position":1,"name":"Home","item":"https:\/\/milo.pet\/Blog\/"},{"@type":"ListItem","position":2,"name":"O nas"}]},{"@type":"WebSite","@id":"https:\/\/milo.pet\/Blog\/#website","url":"https:\/\/milo.pet\/Blog\/","name":"Milo.pet","description":"Blog","publisher":{"@id":"https:\/\/milo.pet\/Blog\/#organization"},"potentialAction":[{"@type":"SearchAction","target":{"@type":"EntryPoint","urlTemplate":"https:\/\/milo.pet\/Blog\/?s={search_term_string}"},"query-input":{"@type":"PropertyValueSpecification","valueRequired":true,"valueName":"search_term_string"}}],"inLanguage":"pl-PL"},{"@type":"Organization","@id":"https:\/\/milo.pet\/Blog\/#organization","name":"Milo.pet","url":"https:\/\/milo.pet\/Blog\/","logo":{"@type":"ImageObject","inLanguage":"pl-PL","@id":"https:\/\/milo.pet\/Blog\/#\/schema\/logo\/image\/","url":"https:\/\/milo.pet\/Blog\/wp-content\/uploads\/2023\/09\/cropped-MiloPET-logo-1.png","contentUrl":"https:\/\/milo.pet\/Blog\/wp-content\/uploads\/2023\/09\/cropped-MiloPET-logo-1.png","width":1998,"height":1419,"caption":"Milo.pet"},"image":{"@id":"https:\/\/milo.pet\/Blog\/#\/schema\/logo\/image\/"}}]}},"uagb_featured_image_src":{"full":false,"thumbnail":false,"medium":false,"medium_large":false,"large":false,"1536x1536":false,"2048x2048":false},"uagb_author_info":{"display_name":"Patrycja Nowak","author_link":"https:\/\/milo.pet\/Blog\/author\/arpok\/"},"uagb_comment_info":0,"uagb_excerpt":"Witaj w naszym zak\u0105tku pe\u0142nym psich \u0142ap, mokrych nosk\u00f3w i niesko\u0144czonej mi\u0142o\u015bci do naszych czworono\u017cnych przyjaci\u00f3\u0142! Kim jeste\u015bmy? Jeste\u015bmy zespo\u0142em mi\u0142o\u015bnik\u00f3w ps\u00f3w, kt\u00f3rzy postanowili podzieli\u0107 si\u0119 swoj\u0105 pasj\u0105 z szerokim \u015bwiatem. Ka\u017cdy z nas ma swoj\u0105 histori\u0119 z psami &#8211; niekt\u00f3rzy z nas s\u0105 behawiorystami, inni petsitterami, a jeszcze inni po prostu szcz\u0119\u015bliwymi opiekunami swoich&hellip;","_links":{"self":[{"href":"https:\/\/milo.pet\/Blog\/wp-json\/wp\/v2\/pages\/2784","targetHints":{"allow":["GET"]}}],"collection":[{"href":"https:\/\/milo.pet\/Blog\/wp-json\/wp\/v2\/pages"}],"about":[{"href":"https:\/\/milo.pet\/Blog\/wp-json\/wp\/v2\/types\/page"}],"author":[{"embeddable":true,"href":"https:\/\/milo.pet\/Blog\/wp-json\/wp\/v2\/users\/1"}],"replies":[{"embeddable":true,"href":"https:\/\/milo.pet\/Blog\/wp-json\/wp\/v2\/comments?post=2784"}],"version-history":[{"count":2,"href":"https:\/\/milo.pet\/Blog\/wp-json\/wp\/v2\/pages\/2784\/revisions"}],"predecessor-version":[{"id":3034,"href":"https:\/\/milo.pet\/Blog\/wp-json\/wp\/v2\/pages\/2784\/revisions\/3034"}],"wp:attachment":[{"href":"https:\/\/milo.pet\/Blog\/wp-json\/wp\/v2\/media?parent=2784"}],"curies":[{"name":"wp","href":"https:\/\/api.w.org\/{rel}","templated":true}]}}