{"id":3016,"date":"2023-10-24T12:13:14","date_gmt":"2023-10-24T12:13:14","guid":{"rendered":"https:\/\/milo.pet\/Blog\/?page_id=3016"},"modified":"2025-01-03T09:57:53","modified_gmt":"2025-01-03T09:57:53","slug":"kontakt","status":"publish","type":"page","link":"https:\/\/milo.pet\/Blog\/kontakt\/","title":{"rendered":"Kontakt"},"content":{"rendered":"\t\t<div data-elementor-type=\"wp-page\" data-elementor-id=\"3016\" class=\"elementor elementor-3016\" data-elementor-post-type=\"page\">\n\t\t\t\t\t\t<section data-particle_enable=\"false\" data-particle-mobile-disabled=\"false\" class=\"elementor-section elementor-top-section elementor-element elementor-element-379e01e0 elementor-section-boxed elementor-section-height-default elementor-section-height-default\" data-id=\"379e01e0\" data-element_type=\"section\">\n\t\t\t\t\t\t<div class=\"elementor-container elementor-column-gap-default\">\n\t\t\t\t\t<div class=\"elementor-column elementor-col-100 elementor-top-column elementor-element elementor-element-314d8026\" data-id=\"314d8026\" data-element_type=\"column\">\n\t\t\t<div class=\"elementor-widget-wrap elementor-element-populated\">\n\t\t\t\t\t\t<div class=\"elementor-element elementor-element-78ef420e elementor-widget elementor-widget-text-editor\" data-id=\"78ef420e\" data-element_type=\"widget\" data-widget_type=\"text-editor.default\">\n\t\t\t\t<div class=\"elementor-widget-container\">\n\t\t\t\t\t\t\t\t\t\n<h2 class=\"wp-block-heading\"><strong>Dane kontaktowe<\/strong><\/h2>\n\t\t\t\t\t\t\t\t<\/div>\n\t\t\t\t<\/div>\n\t\t\t\t\t<\/div>\n\t\t<\/div>\n\t\t\t\t\t<\/div>\n\t\t<\/section>\n\t\t\t\t<section data-particle_enable=\"false\" data-particle-mobile-disabled=\"false\" class=\"elementor-section elementor-top-section elementor-element elementor-element-2ac0daa elementor-section-boxed elementor-section-height-default elementor-section-height-default\" data-id=\"2ac0daa\" data-element_type=\"section\">\n\t\t\t\t\t\t<div class=\"elementor-container elementor-column-gap-default\">\n\t\t\t\t\t<div class=\"elementor-column elementor-col-100 elementor-top-column elementor-element elementor-element-7da5073\" data-id=\"7da5073\" data-element_type=\"column\">\n\t\t\t<div class=\"elementor-widget-wrap elementor-element-populated\">\n\t\t\t\t\t\t<div class=\"elementor-element elementor-element-55ad9e6 elementor-widget elementor-widget-text-editor\" data-id=\"55ad9e6\" data-element_type=\"widget\" data-widget_type=\"text-editor.default\">\n\t\t\t\t<div class=\"elementor-widget-container\">\n\t\t\t\t\t\t\t\t\t<p><strong>EMAIL: kontakt@milo.pet<\/strong><\/p>\t\t\t\t\t\t\t\t<\/div>\n\t\t\t\t<\/div>\n\t\t\t\t\t<\/div>\n\t\t<\/div>\n\t\t\t\t\t<\/div>\n\t\t<\/section>\n\t\t\t\t<section data-particle_enable=\"false\" data-particle-mobile-disabled=\"false\" class=\"elementor-section elementor-top-section elementor-element elementor-element-085b429 elementor-section-boxed elementor-section-height-default elementor-section-height-default\" data-id=\"085b429\" data-element_type=\"section\">\n\t\t\t\t\t\t<div class=\"elementor-container elementor-column-gap-default\">\n\t\t\t\t\t<div class=\"elementor-column elementor-col-100 elementor-top-column elementor-element elementor-element-e83b81c\" data-id=\"e83b81c\" data-element_type=\"column\">\n\t\t\t<div class=\"elementor-widget-wrap elementor-element-populated\">\n\t\t\t\t\t\t<div class=\"elementor-element elementor-element-cd0e752 elementor-widget elementor-widget-heading\" data-id=\"cd0e752\" data-element_type=\"widget\" data-widget_type=\"heading.default\">\n\t\t\t\t<div class=\"elementor-widget-container\">\n\t\t\t\t\t<h2 class=\"elementor-heading-title elementor-size-default\">Masz pytania?<\/h2>\t\t\t\t<\/div>\n\t\t\t\t<\/div>\n\t\t\t\t\t<\/div>\n\t\t<\/div>\n\t\t\t\t\t<\/div>\n\t\t<\/section>\n\t\t\t\t<section data-particle_enable=\"false\" data-particle-mobile-disabled=\"false\" class=\"elementor-section elementor-top-section elementor-element elementor-element-a19ff0e elementor-section-boxed elementor-section-height-default elementor-section-height-default\" data-id=\"a19ff0e\" data-element_type=\"section\">\n\t\t\t\t\t\t<div class=\"elementor-container elementor-column-gap-default\">\n\t\t\t\t\t<div class=\"elementor-column elementor-col-100 elementor-top-column elementor-element elementor-element-ce46cce\" data-id=\"ce46cce\" data-element_type=\"column\">\n\t\t\t<div class=\"elementor-widget-wrap elementor-element-populated\">\n\t\t\t\t\t\t<div class=\"elementor-element elementor-element-663d9e0 elementor-widget elementor-widget-text-editor\" data-id=\"663d9e0\" data-element_type=\"widget\" data-widget_type=\"text-editor.default\">\n\t\t\t\t<div class=\"elementor-widget-container\">\n\t\t\t\t\t\t\t\t\t<p>Nasi specjali\u015bci s\u0105 do Twojej dyspozycji! Z przyjemno\u015bci\u0105 odpowiemy na wszelkie pytania. Zapraszamy do skontaktowania si\u0119 z nami.<\/p>\t\t\t\t\t\t\t\t<\/div>\n\t\t\t\t<\/div>\n\t\t\t\t\t<\/div>\n\t\t<\/div>\n\t\t\t\t\t<\/div>\n\t\t<\/section>\n\t\t\t\t<\/div>\n\t\t","protected":false},"excerpt":{"rendered":"<p>Dane kontaktowe EMAIL: kontakt@milo.pet Masz pytania? Nasi specjali\u015bci s\u0105 do Twojej dyspozycji! Z przyjemno\u015bci\u0105 odpowiemy na wszelkie pytania. Zapraszamy do skontaktowania si\u0119 z nami.<\/p>\n","protected":false},"author":1,"featured_media":0,"parent":0,"menu_order":0,"comment_status":"closed","ping_status":"closed","template":"","meta":{"_acf_changed":false,"_uag_custom_page_level_css":"","site-sidebar-layout":"default","site-content-layout":"","ast-site-content-layout":"default","site-content-style":"default","site-sidebar-style":"default","ast-global-header-display":"","ast-banner-title-visibility":"","ast-main-header-display":"","ast-hfb-above-header-display":"","ast-hfb-below-header-display":"","ast-hfb-mobile-header-display":"","site-post-title":"","ast-breadcrumbs-content":"","ast-featured-img":"","footer-sml-layout":"","theme-transparent-header-meta":"","adv-header-id-meta":"","stick-header-meta":"","header-above-stick-meta":"","header-main-stick-meta":"","header-below-stick-meta":"","astra-migrate-meta-layouts":"set","ast-page-background-enabled":"default","ast-page-background-meta":{"desktop":{"background-color":"var(--ast-global-color-4)","background-image":"","background-repeat":"repeat","background-position":"center center","background-size":"auto","background-attachment":"scroll","background-type":"","background-media":"","overlay-type":"","overlay-color":"","overlay-gradient":""},"tablet":{"background-color":"","background-image":"","background-repeat":"repeat","background-position":"center center","background-size":"auto","background-attachment":"scroll","background-type":"","background-media":"","overlay-type":"","overlay-color":"","overlay-gradient":""},"mobile":{"background-color":"","background-image":"","background-repeat":"repeat","background-position":"center center","background-size":"auto","background-attachment":"scroll","background-type":"","background-media":"","overlay-type":"","overlay-color":"","overlay-gradient":""}},"ast-content-background-meta":{"desktop":{"background-color":"var(--ast-global-color-5)","background-image":"","background-repeat":"repeat","background-position":"center center","background-size":"auto","background-attachment":"scroll","background-type":"","background-media":"","overlay-type":"","overlay-color":"","overlay-gradient":""},"tablet":{"background-color":"var(--ast-global-color-5)","background-image":"","background-repeat":"repeat","background-position":"center center","background-size":"auto","background-attachment":"scroll","background-type":"","background-media":"","overlay-type":"","overlay-color":"","overlay-gradient":""},"mobile":{"background-color":"var(--ast-global-color-5)","background-image":"","background-repeat":"repeat","background-position":"center center","background-size":"auto","background-attachment":"scroll","background-type":"","background-media":"","overlay-type":"","overlay-color":"","overlay-gradient":""}},"footnotes":""},"class_list":["post-3016","page","type-page","status-publish","hentry"],"acf":[],"yoast_head":"<!-- This site is optimized with the Yoast SEO Premium plugin v24.6 (Yoast SEO v24.6) - https:\/\/yoast.com\/wordpress\/plugins\/seo\/ -->\n<title>Kontakt - Milo.pet<\/title>\n<meta name=\"robots\" content=\"index, follow, max-snippet:-1, max-image-preview:large, max-video-preview:-1\" \/>\n<link rel=\"canonical\" href=\"https:\/\/milo.pet\/Blog\/kontakt\/\" \/>\n<meta property=\"og:locale\" content=\"pl_PL\" \/>\n<meta property=\"og:type\" content=\"article\" \/>\n<meta property=\"og:title\" content=\"Kontakt\" \/>\n<meta property=\"og:description\" content=\"Dane kontaktowe EMAIL: kontakt@milo.pet Masz pytania? Nasi specjali\u015bci s\u0105 do Twojej dyspozycji! Z przyjemno\u015bci\u0105 odpowiemy na wszelkie pytania. Zapraszamy do skontaktowania si\u0119 z nami.\" \/>\n<meta property=\"og:url\" content=\"https:\/\/milo.pet\/Blog\/kontakt\/\" \/>\n<meta property=\"og:site_name\" content=\"Milo.pet\" \/>\n<meta property=\"article:modified_time\" content=\"2025-01-03T09:57:53+00:00\" \/>\n<meta name=\"twitter:card\" content=\"summary_large_image\" \/>\n<script type=\"application\/ld+json\" class=\"yoast-schema-graph\">{\"@context\":\"https:\/\/schema.org\",\"@graph\":[{\"@type\":\"WebPage\",\"@id\":\"https:\/\/milo.pet\/Blog\/kontakt\/\",\"url\":\"https:\/\/milo.pet\/Blog\/kontakt\/\",\"name\":\"Kontakt - Milo.pet\",\"isPartOf\":{\"@id\":\"https:\/\/milo.pet\/Blog\/#website\"},\"datePublished\":\"2023-10-24T12:13:14+00:00\",\"dateModified\":\"2025-01-03T09:57:53+00:00\",\"breadcrumb\":{\"@id\":\"https:\/\/milo.pet\/Blog\/kontakt\/#breadcrumb\"},\"inLanguage\":\"pl-PL\",\"potentialAction\":[{\"@type\":\"ReadAction\",\"target\":[\"https:\/\/milo.pet\/Blog\/kontakt\/\"]}]},{\"@type\":\"BreadcrumbList\",\"@id\":\"https:\/\/milo.pet\/Blog\/kontakt\/#breadcrumb\",\"itemListElement\":[{\"@type\":\"ListItem\",\"position\":1,\"name\":\"Home\",\"item\":\"https:\/\/milo.pet\/Blog\/\"},{\"@type\":\"ListItem\",\"position\":2,\"name\":\"Kontakt\"}]},{\"@type\":\"WebSite\",\"@id\":\"https:\/\/milo.pet\/Blog\/#website\",\"url\":\"https:\/\/milo.pet\/Blog\/\",\"name\":\"Milo.pet\",\"description\":\"Blog\",\"publisher\":{\"@id\":\"https:\/\/milo.pet\/Blog\/#organization\"},\"potentialAction\":[{\"@type\":\"SearchAction\",\"target\":{\"@type\":\"EntryPoint\",\"urlTemplate\":\"https:\/\/milo.pet\/Blog\/?s={search_term_string}\"},\"query-input\":{\"@type\":\"PropertyValueSpecification\",\"valueRequired\":true,\"valueName\":\"search_term_string\"}}],\"inLanguage\":\"pl-PL\"},{\"@type\":\"Organization\",\"@id\":\"https:\/\/milo.pet\/Blog\/#organization\",\"name\":\"Milo.pet\",\"url\":\"https:\/\/milo.pet\/Blog\/\",\"logo\":{\"@type\":\"ImageObject\",\"inLanguage\":\"pl-PL\",\"@id\":\"https:\/\/milo.pet\/Blog\/#\/schema\/logo\/image\/\",\"url\":\"https:\/\/milo.pet\/Blog\/wp-content\/uploads\/2023\/09\/cropped-MiloPET-logo-1.png\",\"contentUrl\":\"https:\/\/milo.pet\/Blog\/wp-content\/uploads\/2023\/09\/cropped-MiloPET-logo-1.png\",\"width\":1998,\"height\":1419,\"caption\":\"Milo.pet\"},\"image\":{\"@id\":\"https:\/\/milo.pet\/Blog\/#\/schema\/logo\/image\/\"}}]}<\/script>\n<!-- \/ Yoast SEO Premium plugin. -->","yoast_head_json":{"title":"Kontakt - Milo.pet","robots":{"index":"index","follow":"follow","max-snippet":"max-snippet:-1","max-image-preview":"max-image-preview:large","max-video-preview":"max-video-preview:-1"},"canonical":"https:\/\/milo.pet\/Blog\/kontakt\/","og_locale":"pl_PL","og_type":"article","og_title":"Kontakt","og_description":"Dane kontaktowe EMAIL: kontakt@milo.pet Masz pytania? Nasi specjali\u015bci s\u0105 do Twojej dyspozycji! Z przyjemno\u015bci\u0105 odpowiemy na wszelkie pytania. Zapraszamy do skontaktowania si\u0119 z nami.","og_url":"https:\/\/milo.pet\/Blog\/kontakt\/","og_site_name":"Milo.pet","article_modified_time":"2025-01-03T09:57:53+00:00","twitter_card":"summary_large_image","schema":{"@context":"https:\/\/schema.org","@graph":[{"@type":"WebPage","@id":"https:\/\/milo.pet\/Blog\/kontakt\/","url":"https:\/\/milo.pet\/Blog\/kontakt\/","name":"Kontakt - Milo.pet","isPartOf":{"@id":"https:\/\/milo.pet\/Blog\/#website"},"datePublished":"2023-10-24T12:13:14+00:00","dateModified":"2025-01-03T09:57:53+00:00","breadcrumb":{"@id":"https:\/\/milo.pet\/Blog\/kontakt\/#breadcrumb"},"inLanguage":"pl-PL","potentialAction":[{"@type":"ReadAction","target":["https:\/\/milo.pet\/Blog\/kontakt\/"]}]},{"@type":"BreadcrumbList","@id":"https:\/\/milo.pet\/Blog\/kontakt\/#breadcrumb","itemListElement":[{"@type":"ListItem","position":1,"name":"Home","item":"https:\/\/milo.pet\/Blog\/"},{"@type":"ListItem","position":2,"name":"Kontakt"}]},{"@type":"WebSite","@id":"https:\/\/milo.pet\/Blog\/#website","url":"https:\/\/milo.pet\/Blog\/","name":"Milo.pet","description":"Blog","publisher":{"@id":"https:\/\/milo.pet\/Blog\/#organization"},"potentialAction":[{"@type":"SearchAction","target":{"@type":"EntryPoint","urlTemplate":"https:\/\/milo.pet\/Blog\/?s={search_term_string}"},"query-input":{"@type":"PropertyValueSpecification","valueRequired":true,"valueName":"search_term_string"}}],"inLanguage":"pl-PL"},{"@type":"Organization","@id":"https:\/\/milo.pet\/Blog\/#organization","name":"Milo.pet","url":"https:\/\/milo.pet\/Blog\/","logo":{"@type":"ImageObject","inLanguage":"pl-PL","@id":"https:\/\/milo.pet\/Blog\/#\/schema\/logo\/image\/","url":"https:\/\/milo.pet\/Blog\/wp-content\/uploads\/2023\/09\/cropped-MiloPET-logo-1.png","contentUrl":"https:\/\/milo.pet\/Blog\/wp-content\/uploads\/2023\/09\/cropped-MiloPET-logo-1.png","width":1998,"height":1419,"caption":"Milo.pet"},"image":{"@id":"https:\/\/milo.pet\/Blog\/#\/schema\/logo\/image\/"}}]}},"uagb_featured_image_src":{"full":false,"thumbnail":false,"medium":false,"medium_large":false,"large":false,"1536x1536":false,"2048x2048":false},"uagb_author_info":{"display_name":"Patrycja Nowak","author_link":"https:\/\/milo.pet\/Blog\/author\/arpok\/"},"uagb_comment_info":0,"uagb_excerpt":"Dane kontaktowe EMAIL: kontakt@milo.pet Masz pytania? Nasi specjali\u015bci s\u0105 do Twojej dyspozycji! Z przyjemno\u015bci\u0105 odpowiemy na wszelkie pytania. Zapraszamy do skontaktowania si\u0119 z nami.","_links":{"self":[{"href":"https:\/\/milo.pet\/Blog\/wp-json\/wp\/v2\/pages\/3016","targetHints":{"allow":["GET"]}}],"collection":[{"href":"https:\/\/milo.pet\/Blog\/wp-json\/wp\/v2\/pages"}],"about":[{"href":"https:\/\/milo.pet\/Blog\/wp-json\/wp\/v2\/types\/page"}],"author":[{"embeddable":true,"href":"https:\/\/milo.pet\/Blog\/wp-json\/wp\/v2\/users\/1"}],"replies":[{"embeddable":true,"href":"https:\/\/milo.pet\/Blog\/wp-json\/wp\/v2\/comments?post=3016"}],"version-history":[{"count":29,"href":"https:\/\/milo.pet\/Blog\/wp-json\/wp\/v2\/pages\/3016\/revisions"}],"predecessor-version":[{"id":4823,"href":"https:\/\/milo.pet\/Blog\/wp-json\/wp\/v2\/pages\/3016\/revisions\/4823"}],"wp:attachment":[{"href":"https:\/\/milo.pet\/Blog\/wp-json\/wp\/v2\/media?parent=3016"}],"curies":[{"name":"wp","href":"https:\/\/api.w.org\/{rel}","templated":true}]}}